{"id":5594,"date":"2018-09-28T11:58:47","date_gmt":"2018-09-28T11:58:47","guid":{"rendered":"http:\/\/www.djurskyddet.se\/vilsnatassar\/?page_id=5594"},"modified":"2019-08-07T12:37:15","modified_gmt":"2019-08-07T12:37:15","slug":"vanvard","status":"publish","type":"page","link":"https:\/\/www.djurskyddet.se\/vilsnatassar\/tips-rad\/vanvard\/","title":{"rendered":"Vanv\u00e5rd"},"content":{"rendered":"<h2>Anm\u00e4l brott mot djur<\/h2>\n<p>Om du ser eller tror att ett djur far illa ska du g\u00f6ra en anm\u00e4lan till djurskyddshandl\u00e4ggaren hos din l\u00e4nsstyrelse. Kontaktuppgifter finner du l\u00e4ngst ned. Du kan ocks\u00e5 g\u00f6ra en anm\u00e4lan till polisen som vidarebefordrar anm\u00e4lan till L\u00e4nsstyrelsen om de inte sj\u00e4lva har m\u00f6jlighet att handl\u00e4gga \u00e4rendet.<\/p>\n<h3>Djurskyddet saknar befogenheter att ingripa!<\/h3>\n<p>Djurskyddet \u00e4r ingen myndighet och har d\u00e4rf\u00f6r inte befogenheter att g\u00e5 in i enskilda \u00e4renden. Du kan dock v\u00e4nda dig till f\u00f6reningen f\u00f6r st\u00f6d och r\u00e5d.<\/p>\n<h3>Anonym anm\u00e4lan<\/h3>\n<p>En anm\u00e4lan kan g\u00f6ras anonymt. L\u00e4nsstyrelsen har skyldighet att utreda anonyma anm\u00e4lningar till skillnad fr\u00e5n polisen. Nackdelen med en anonym anm\u00e4lan \u00e4r att det kan vara sv\u00e5rt f\u00f6r den som utreder \u00e4rendet att g\u00e5 vidare. Det \u00e4r ibland n\u00f6dv\u00e4ndigt att n\u00e5gon kan vittna om vad de har sett och upplevt samt att det finns dokumentation om h\u00e4ndelsef\u00f6rlopp, tidsangivelser med mera.<\/p>\n<h3>Vanligt h\u00e4ndelsef\u00f6rlopp<\/h3>\n<p>Om en djur\u00e4gare inte sk\u00f6ter sina djur enligt djurskyddslagstiftningen kan myndigheten besluta om omh\u00e4ndertagande, djurf\u00f6rbud eller annan \u00e5tg\u00e4rd. Det vanligaste \u00e4r att en anm\u00e4lan om exempelvis vansk\u00f6tsel kommer in till L\u00e4nsstyrelsen eller Polisen. Ofta \u00e4r det en granne, anh\u00f6rig, annan privatperson eller djurskyddsorganisation som anm\u00e4ler att djur missk\u00f6ts eller pl\u00e5gas. Myndigheten utreder anm\u00e4lan och fattar utifr\u00e5n vad som framkommit ett beslut. Det kan vara ett beslut om att djur\u00e4garen ska ordna med vindskydd f\u00f6r sina djur, reparera hundg\u00e5rden, att djuren omh\u00e4ndertas eller att djurf\u00f6rbud meddelas. I vissa fall g\u00f6rs \u00e4ven en \u00e5talsanm\u00e4lan, det vill s\u00e4ga \u00e4rendet skickas vidare till en \u00e5klagare som utreder om det finns grund f\u00f6r att v\u00e4cka \u00e5tal f\u00f6r brott. Om utredningen resulterar i att \u00e5tal kan v\u00e4ckas, \u00e4r det slutligen domstol som avg\u00f6r m\u00e5let.<\/p>\n<h3>Vad s\u00e4ger lagen?<\/h3>\n<p>I djurskyddslagstiftningen st\u00e5r hur djur ska v\u00e5rdas och behandlas. Djur ska bland annat behandlas v\u00e4l och skyddas mot on\u00f6digt lidande, ges tillr\u00e4ckligt med foder och vatten, h\u00e5llas i en god milj\u00f6 som ger dem m\u00f6jlighet att utf\u00f6ra sina naturliga beteenden. Djur f\u00e5r inte \u00f6veranstr\u00e4ngas eller h\u00e5llas bundna p\u00e5 ett pl\u00e5gsamt s\u00e4tt. En djur\u00e4gare som inte respekterar dessa regler kan d\u00f6mas f\u00f6r vanv\u00e5rd eller djurpl\u00e5geri.<br \/>\n\u201dTill b\u00f6ter eller f\u00e4ngelse i h\u00f6gst tv\u00e5 \u00e5r d\u00f6ms den som med upps\u00e5t eller av oaktsamhet bryter mot djurskyddslagen.\u201d (Djurskyddslag (1988:534 36\u00a7).<\/p>\n<h3>Frustrerande h\u00e4ndelsef\u00f6rlopp<\/h3>\n<p>Den som anm\u00e4ler brott mot djur kan ofta k\u00e4nna en frustration \u00f6ver att ingenting h\u00e4nder med djur\u00e4garen eller att det tar f\u00f6r l\u00e5ng tid innan till exempel djuren omh\u00e4ndertas. Trots detta \u00e4r det viktigt att den enskilde individen forts\u00e4tter att g\u00f6ra anm\u00e4lan n\u00e4r han\/hon misst\u00e4nker eller bevittnar att djur vanv\u00e5rdas och pl\u00e5gas. Dels talar det ofta f\u00f6r att djur\u00e4garen faktiskt g\u00f6r sig skyldig till brott om flera anm\u00e4lningar ang\u00e5ende samma djur \/\u00e4gare kommer in. Dels \u00e4r det viktigt f\u00f6r myndigheten, som ofta har mycket sm\u00e5 resurser tillsatta f\u00f6r djurskydds\u00e4renden, att visa p\u00e5 att mer resurser beh\u00f6vs.<\/p>\n<p>Kontaktuppgifter till L\u00e4nsstyrelsen \u00d6rebro l\u00e4n:<\/p>\n<p>Stortorget 22, \u00d6rebro<\/p>\n<p>Telefon: <a class=\"phone-number\" href=\"tel:010-2248000\">010-224 81 60<\/a><\/p>\n<p>Mail: djurskydd.anmalningar.orebro@lansstyrelsen.se<\/p>\n<p>Hemsida: <a href=\"https:\/\/www.lansstyrelsen.se\/orebro\/privat.html\">Lansstyrelsen.se<\/a><\/p>\n","protected":false},"excerpt":{"rendered":"<p>Anm\u00e4l brott mot djur Om du ser eller tror att ett djur far illa ska du g\u00f6ra en anm\u00e4lan till djurskyddshandl\u00e4ggaren hos din l\u00e4nsstyrelse. Kontaktuppgifter finner du l\u00e4ngst ned. Du kan ocks\u00e5 g\u00f6ra en anm\u00e4lan till polisen som vidarebefordrar anm\u00e4lan till L\u00e4nsstyrelsen om de inte sj\u00e4lva har m\u00f6jlighet att handl\u00e4gga \u00e4rendet. Djurskyddet saknar befogenheter att ingripa! Djurskyddet \u00e4r ingen myndighet och har d\u00e4rf\u00f6r inte befogenheter att g\u00e5 in i enskilda&hellip;<\/p>\n<p><a class=\"more-link\" href=\"https:\/\/www.djurskyddet.se\/vilsnatassar\/tips-rad\/vanvard\/\" title=\"Continue reading &lsquo;Vanv\u00e5rd&rsquo;\">L&auml;s mer<span class=\"meta-nav\">&raquo;<\/span><\/a><\/p>\n","protected":false},"author":3,"featured_media":0,"parent":5510,"menu_order":0,"comment_status":"closed","ping_status":"closed","template":"page-templates\/left-sidebar.php","meta":{"_acf_changed":false,"footnotes":""},"class_list":["post-5594","page","type-page","status-publish","hentry"],"acf":[],"_links":{"self":[{"href":"https:\/\/www.djurskyddet.se\/vilsnatassar\/wp-json\/wp\/v2\/pages\/5594","targetHints":{"allow":["GET"]}}],"collection":[{"href":"https:\/\/www.djurskyddet.se\/vilsnatassar\/wp-json\/wp\/v2\/pages"}],"about":[{"href":"https:\/\/www.djurskyddet.se\/vilsnatassar\/wp-json\/wp\/v2\/types\/page"}],"author":[{"embeddable":true,"href":"https:\/\/www.djurskyddet.se\/vilsnatassar\/wp-json\/wp\/v2\/users\/3"}],"replies":[{"embeddable":true,"href":"https:\/\/www.djurskyddet.se\/vilsnatassar\/wp-json\/wp\/v2\/comments?post=5594"}],"version-history":[{"count":5,"href":"https:\/\/www.djurskyddet.se\/vilsnatassar\/wp-json\/wp\/v2\/pages\/5594\/revisions"}],"predecessor-version":[{"id":5724,"href":"https:\/\/www.djurskyddet.se\/vilsnatassar\/wp-json\/wp\/v2\/pages\/5594\/revisions\/5724"}],"up":[{"embeddable":true,"href":"https:\/\/www.djurskyddet.se\/vilsnatassar\/wp-json\/wp\/v2\/pages\/5510"}],"wp:attachment":[{"href":"https:\/\/www.djurskyddet.se\/vilsnatassar\/wp-json\/wp\/v2\/media?parent=5594"}],"curies":[{"name":"wp","href":"https:\/\/api.w.org\/{rel}","templated":true}]}}