{"id":5734,"date":"2019-08-16T17:58:00","date_gmt":"2019-08-16T17:58:00","guid":{"rendered":"https:\/\/www.djurskyddet.se\/vilsnatassar\/?page_id=5734"},"modified":"2022-09-28T15:50:26","modified_gmt":"2022-09-28T15:50:26","slug":"jourhem","status":"publish","type":"page","link":"https:\/\/www.djurskyddet.se\/vilsnatassar\/stod-oss\/jourhem\/","title":{"rendered":"Jourhem"},"content":{"rendered":"\n<p><em>D\u00e5 f\u00f6reningen Djurskyddet Vilsna tassar H\u00e4llefors \u00e4r en ideell f\u00f6rening som inte har n\u00e5gon karant\u00e4n i v\u00e5r katthemsverksamhet s\u00e5 \u00e4r vi beroende av privatpersoner som vill hj\u00e4lpa till att ta hand om heml\u00f6sa katter. Jourhemmen verkar d\u00e5 som ett tillf\u00e4lligt hem d\u00e4r katten f\u00e5r vara till dess att den flyttas till katthemmet eller ett tryggt f\u00f6r alltid-hem med k\u00e4rlek och v\u00e4rme. <\/em><br><\/p>\n\n\n\n<p>Att vara jourhem inneb\u00e4r att du \u00e4r ett tillf\u00e4lligt hem f\u00f6r en eller flera katter som i annat fall skulle vara heml\u00f6sa. Katten f\u00e5r bo hos dig till dess att den har blivit kastrerad och dubbelvaccinerad, tiden f\u00f6r detta kan variera. M\u00e5nga av katterna som varit heml\u00f6sa under l\u00e4ngre tid \u00e4r skygga och har d\u00e4rf\u00f6r behov av att komma till ett lugnt och tryggt jourhem d\u00e4r de f\u00e5r vara p\u00e5 sina egna villkor. <\/p>\n\n\n\n<p>Katten som kommer till dig som jourhem \u00e4r oftast inte vaccinerad, kastrerad eller ID-m\u00e4rkt. Katten kan ocks\u00e5 ha behov av veterin\u00e4rv\u00e5rd. Utifr\u00e5n detta \u00e4r det bra om katten till en b\u00f6rjan kan bo avskilt i det fall att du har egna husdjur. Djurskyddet Vilsna tassar H\u00e4llefors \u00e4r \u00e4gare av katten som bor hos dig och f\u00f6reningen st\u00e5r d\u00e4rf\u00f6r f\u00f6r veterin\u00e4rkostnader. Katten kan \u00e4ven ha behov av att avmaskas och behandling av \u00f6ronskabb. Detta \u00e4r n\u00e5got som f\u00f6reningen hj\u00e4lper dig med. F\u00f6reningen kan \u00e4ven hj\u00e4lpa dig med kattmat och kattstr\u00f6. <\/p>\n\n\n\n<p>Som jourhem f\u00e5r du kontaktuppgifter till en kontaktperson. Kontaktpersonen kan ge dig r\u00e5d, hj\u00e4lp och st\u00f6d. Kontaktpersonen \u00e4r ocks\u00e5 den som fattar beslut kring katten som bor hos dig. N\u00e4r du v\u00e4ljer att bli jourhem s\u00e5 f\u00e5r du utf\u00f6rlig information kring kontakter, vad som kr\u00e4vs av dig som jourhem (sammanfattat ett bra milj\u00f6 f\u00f6r katten) samt vilket st\u00f6d du har r\u00e4tt till fr\u00e5n oss som f\u00f6rening. <\/p>\n\n\n\n<p><em><strong>\u00c4r du intresserad av att hj\u00e4lpa till?<\/strong><\/em><\/p>\n\n\n\n<p>Vill du vara med och hj\u00e4lpa heml\u00f6sa katter genom att vara jourhem \u00e4r du varmt v\u00e4lkommen att kontakt oss via v\u00e5r <a href=\"https:\/\/www.facebook.com\/Djurskyddet-Vilsna-Tassar-H\u00e4llefors-251483215536175\/\">Facebook-sida<\/a> eller v\u00e5r mail  <a href=\"mailto:vilsnatassar@djurskyddet.se\">vilsnatassar@djurskyddet.se<\/a><em>.<\/em><\/p>\n\n\n\n<p><em>Det finns alltid katter som har\nbehov av att f\u00e5 ett tryggt hem att utvecklas i. <\/em><\/p>\n","protected":false},"excerpt":{"rendered":"<p>D\u00e5 f\u00f6reningen Djurskyddet Vilsna tassar H\u00e4llefors \u00e4r en ideell f\u00f6rening som inte har n\u00e5gon karant\u00e4n i v\u00e5r katthemsverksamhet s\u00e5 \u00e4r vi beroende av privatpersoner som vill hj\u00e4lpa till att ta hand om heml\u00f6sa katter. Jourhemmen verkar d\u00e5 som ett tillf\u00e4lligt hem d\u00e4r katten f\u00e5r vara till dess att den flyttas till katthemmet eller ett tryggt f\u00f6r alltid-hem med k\u00e4rlek och v\u00e4rme. Att vara jourhem inneb\u00e4r att du \u00e4r ett tillf\u00e4lligt&hellip;<\/p>\n<p><a class=\"more-link\" href=\"https:\/\/www.djurskyddet.se\/vilsnatassar\/stod-oss\/jourhem\/\" title=\"Continue reading &lsquo;Jourhem&rsquo;\">L&auml;s mer<span class=\"meta-nav\">&raquo;<\/span><\/a><\/p>\n","protected":false},"author":20,"featured_media":5941,"parent":5506,"menu_order":0,"comment_status":"closed","ping_status":"closed","template":"page-templates\/left-sidebar.php","meta":{"_acf_changed":false,"footnotes":""},"class_list":["post-5734","page","type-page","status-publish","has-post-thumbnail","hentry"],"acf":[],"_links":{"self":[{"href":"https:\/\/www.djurskyddet.se\/vilsnatassar\/wp-json\/wp\/v2\/pages\/5734","targetHints":{"allow":["GET"]}}],"collection":[{"href":"https:\/\/www.djurskyddet.se\/vilsnatassar\/wp-json\/wp\/v2\/pages"}],"about":[{"href":"https:\/\/www.djurskyddet.se\/vilsnatassar\/wp-json\/wp\/v2\/types\/page"}],"author":[{"embeddable":true,"href":"https:\/\/www.djurskyddet.se\/vilsnatassar\/wp-json\/wp\/v2\/users\/20"}],"replies":[{"embeddable":true,"href":"https:\/\/www.djurskyddet.se\/vilsnatassar\/wp-json\/wp\/v2\/comments?post=5734"}],"version-history":[{"count":8,"href":"https:\/\/www.djurskyddet.se\/vilsnatassar\/wp-json\/wp\/v2\/pages\/5734\/revisions"}],"predecessor-version":[{"id":6379,"href":"https:\/\/www.djurskyddet.se\/vilsnatassar\/wp-json\/wp\/v2\/pages\/5734\/revisions\/6379"}],"up":[{"embeddable":true,"href":"https:\/\/www.djurskyddet.se\/vilsnatassar\/wp-json\/wp\/v2\/pages\/5506"}],"wp:featuredmedia":[{"embeddable":true,"href":"https:\/\/www.djurskyddet.se\/vilsnatassar\/wp-json\/wp\/v2\/media\/5941"}],"wp:attachment":[{"href":"https:\/\/www.djurskyddet.se\/vilsnatassar\/wp-json\/wp\/v2\/media?parent=5734"}],"curies":[{"name":"wp","href":"https:\/\/api.w.org\/{rel}","templated":true}]}}