{"id":5770,"date":"2019-08-18T08:30:53","date_gmt":"2019-08-18T08:30:53","guid":{"rendered":"https:\/\/www.djurskyddet.se\/vilsnatassar\/?page_id=5770"},"modified":"2019-09-01T12:11:16","modified_gmt":"2019-09-01T12:11:16","slug":"tips-infor-adoption","status":"publish","type":"page","link":"https:\/\/www.djurskyddet.se\/vilsnatassar\/adoptera\/tips-infor-adoption\/","title":{"rendered":"Tips inf\u00f6r adoption"},"content":{"rendered":"\n<p>Det \u00e4r viktigt att vara f\u00f6rberedd innan ett nytt djur anl\u00e4nder till din hem. Innan du beslutat dig f\u00f6r att adoptera \u00e4r det viktigt att t\u00e4nka \u00f6ver om du har f\u00f6ruts\u00e4ttningarna som kr\u00e4vs f\u00f6r att ta hand om ett djur en l\u00e5ng tid fram\u00f6ver. <\/p>\n\n\n\n<h3 class=\"wp-block-heading\">Vad g\u00f6r du om 20 \u00e5r?<\/h3>\n\n\n\n<p>En katts livsl\u00e4ngd \u00e4r 10-20 \u00e5r. Tror du att din katt eller hund kommer att passa in i ditt liv d\u00e5? Fundera \u00e4ven p\u00e5 hur ett djur f\u00f6r\u00e4ndrar ditt liv \u2013 innan du skaffar dig ett.<\/p>\n\n\n\n<p>Fr\u00e5ga dig f\u00f6ljande:<\/p>\n\n\n\n<ul class=\"wp-block-list\"><li>Har n\u00e5gon i sl\u00e4kten\/familjen anlag f\u00f6r p\u00e4lsdjurallergi? Finns det allergiker i din n\u00e4rmaste bekantskapskrets? Hur kommer ett djur p\u00e5verka ert f\u00f6rh\u00e5llande?<\/li><li>Hur l\u00f6ser du kattpassning och hundpensionat om du reser bort p\u00e5 semester?<\/li><li>Om du flyttar till mindre yta, till exempel fr\u00e5n hus till l\u00e4genhet, r\u00e4knar du d\u00e5 in katten i den nya bostadssituationen? Trafiksituationen \u2013 \u00e4ndring kan inneb\u00e4ra att en katt m\u00e5ste omplaceras.<\/li><li>Om familjesituationen f\u00f6r\u00e4ndras, r\u00e4knar du med att kunna beh\u00e5lla djuret? Klarar Du av ekonomiska f\u00f6r\u00e4ndringar? Djurf\u00f6rs\u00e4kring \u00e4r ett m\u00e5ste med tanke p\u00e5 de h\u00f6ga veterin\u00e4rkostnaderna idag.<\/li><\/ul>\n\n\n\n<h3 class=\"wp-block-heading\">Innan katten flyttar hem till dig<\/h3>\n\n\n\n<p><strong>KATTS\u00c4KRA DITT HEM &#8211;<\/strong> Ta ner \u00f6mt\u00e5liga saker fr\u00e5n f\u00f6nstren till en b\u00f6rjan. Alla katter, unga som gamla, kan vara lite klumpiga n\u00e4r de g\u00e5r p\u00e5 uppt\u00e4cktsf\u00e4rd i ett nytt hem.<\/p>\n\n\n\n<p>Har du blommor kan det ocks\u00e5 vara bra att kolla upp ifall n\u00e5gon av dem \u00e4r giftiga f\u00f6r katter.<\/p>\n\n\n\n<p><strong>F\u00d6RBERED F\u00d6R ANKOMSTEN &#8211;<\/strong>Se till att du har det som beh\u00f6vs till katten innan den kommer hem till dig s\u00e5 som kattl\u00e5da, kattsand, kattmat.<\/p>\n\n\n\n<p><strong>HA T\u00c5LAMOD &#8211;<\/strong>M\u00e5nga katter kan beh\u00f6va n\u00e5gra dagar p\u00e5 sig (vissa l\u00e4ngre tid) att landa i ett nytt hem.&nbsp;<\/p>\n\n\n\n<p><strong>INGEN FR\u00c5GA \u00c4R F\u00d6R DUM &#8211; <\/strong>Du kan alltid h\u00f6ra av dig till oss om tips och r\u00e5d!<\/p>\n\n\n\n<p><strong>HUR G\u00c5R DET F\u00d6R ER?<\/strong> Vi tycker alltid att det \u00e4r roligt att f\u00e5 veta hur det g\u00e5r f\u00f6r katterna i sina nya hem. Har du Facebook s\u00e5 kan du alltid dela med dig av din historia p\u00e5 v\u00e5r Facebook-sida eller skicka ett mail kan vi dela det p\u00e5 v\u00e5ra sociala medier. <\/p>\n","protected":false},"excerpt":{"rendered":"<p>Det \u00e4r viktigt att vara f\u00f6rberedd innan ett nytt djur anl\u00e4nder till din hem. Innan du beslutat dig f\u00f6r att adoptera \u00e4r det viktigt att t\u00e4nka \u00f6ver om du har f\u00f6ruts\u00e4ttningarna som kr\u00e4vs f\u00f6r att ta hand om ett djur en l\u00e5ng tid fram\u00f6ver. Vad g\u00f6r du om 20 \u00e5r? En katts livsl\u00e4ngd \u00e4r 10-20 \u00e5r. Tror du att din katt eller hund kommer att passa in i ditt liv&hellip;<\/p>\n<p><a class=\"more-link\" href=\"https:\/\/www.djurskyddet.se\/vilsnatassar\/adoptera\/tips-infor-adoption\/\" title=\"Continue reading &lsquo;Tips inf\u00f6r adoption&rsquo;\">L&auml;s mer<span class=\"meta-nav\">&raquo;<\/span><\/a><\/p>\n","protected":false},"author":20,"featured_media":0,"parent":5508,"menu_order":1,"comment_status":"closed","ping_status":"closed","template":"","meta":{"_acf_changed":false,"footnotes":""},"class_list":["post-5770","page","type-page","status-publish","hentry"],"acf":[],"_links":{"self":[{"href":"https:\/\/www.djurskyddet.se\/vilsnatassar\/wp-json\/wp\/v2\/pages\/5770","targetHints":{"allow":["GET"]}}],"collection":[{"href":"https:\/\/www.djurskyddet.se\/vilsnatassar\/wp-json\/wp\/v2\/pages"}],"about":[{"href":"https:\/\/www.djurskyddet.se\/vilsnatassar\/wp-json\/wp\/v2\/types\/page"}],"author":[{"embeddable":true,"href":"https:\/\/www.djurskyddet.se\/vilsnatassar\/wp-json\/wp\/v2\/users\/20"}],"replies":[{"embeddable":true,"href":"https:\/\/www.djurskyddet.se\/vilsnatassar\/wp-json\/wp\/v2\/comments?post=5770"}],"version-history":[{"count":7,"href":"https:\/\/www.djurskyddet.se\/vilsnatassar\/wp-json\/wp\/v2\/pages\/5770\/revisions"}],"predecessor-version":[{"id":5784,"href":"https:\/\/www.djurskyddet.se\/vilsnatassar\/wp-json\/wp\/v2\/pages\/5770\/revisions\/5784"}],"up":[{"embeddable":true,"href":"https:\/\/www.djurskyddet.se\/vilsnatassar\/wp-json\/wp\/v2\/pages\/5508"}],"wp:attachment":[{"href":"https:\/\/www.djurskyddet.se\/vilsnatassar\/wp-json\/wp\/v2\/media?parent=5770"}],"curies":[{"name":"wp","href":"https:\/\/api.w.org\/{rel}","templated":true}]}}