{"id":5873,"date":"2019-11-18T13:40:26","date_gmt":"2019-11-18T13:40:26","guid":{"rendered":"https:\/\/www.djurskyddet.se\/vilsnatassar\/?page_id=5873"},"modified":"2020-03-16T09:22:42","modified_gmt":"2020-03-16T09:22:42","slug":"katternas-onskelista","status":"publish","type":"page","link":"https:\/\/www.djurskyddet.se\/vilsnatassar\/stod-oss\/katternas-onskelista\/","title":{"rendered":"Katternas \u00f6nskelista"},"content":{"rendered":"\n<p>F\u00f6reningen Djurskyddet Vilsna Tassar arbetar varje dag f\u00f6r att f\u00e5 in fler katter i verksamheten och f\u00f6r att de ska hitta nya f\u00f6r-alltid-hem. Detta kr\u00e4ver en hel del resurser i m\u00e4nniskokraft, men \u00e4ven f\u00f6rbrukningsmaterial. <\/p>\n\n\n\n<p>Nedan finner ni en \u00f6nskelista till b\u00e5de katterna men ocks\u00e5 saker som \u00e4r n\u00f6dv\u00e4ndiga i arbetet med att ta hand om och f\u00e5nga in katter. <\/p>\n\n\n\n<p><strong>Fleecepl\u00e4dar (och andra pl\u00e4dar) <\/strong>&#8211; <em>Anv\u00e4nds b\u00e5de i jourhem men ocks\u00e5 i transportburar som underlag f\u00f6r katter. Beh\u00f6ver alltid tv\u00e4ttas och blir slitna med tiden.<\/em><\/p>\n\n\n\n<p><strong>Reng\u00f6ringsmedel<\/strong> &#8211; <em>Ytdesinfektion, s\u00e5pa och klorin anv\u00e4nds f\u00f6r att reng\u00f6ra utrymmen d\u00e4r katter vistats, transportburar, kattl\u00e5dor med mera.  <\/em><\/p>\n\n\n\n<p><strong>S\u00e5rreng\u00f6ring<\/strong> &#8211; <em>Asolsprit, Jodopax och handsprit anv\u00e4nds till b\u00e5de katterna och de som hanterar katterna. <\/em><\/p>\n\n\n\n<p><strong>Avmaskningsmedel<\/strong> &#8211; <em>Ex. Banminth, Milbemax. Anv\u00e4nds till katter som inkommer i jourhem. <\/em><\/p>\n\n\n\n<p><strong>Kattsand\/kattstr\u00f6<\/strong> &#8211; <em>G\u00e4rna klumpbildande, men \u00e4ven mer pelletsliknande f\u00f6r de katter som tidigare aldrig varit inomhus. <\/em><\/p>\n\n\n\n<p><strong>Kl\u00f6str\u00e4d\/Kl\u00f6sbr\u00e4de <\/strong>&#8211; <em>B\u00e5de stora och sm\u00e5 \u00e4r v\u00e4lkomna.<\/em><\/p>\n\n\n\n<p><strong>Diverse leksaker till katt <\/strong>&#8211; <em>De beh\u00f6ver bytas ut och sl\u00e4ngas f\u00f6r varje ny katt som inkommer d\u00e5 de \u00e4r sv\u00e5ra att tv\u00e4tta. <\/em><\/p>\n\n\n\n<p><strong>Doftfritt tv\u00e4ttmedel <\/strong>&#8211; <em>Beh\u00f6vs f\u00f6r att katterna ska f\u00e5 rena och fina pl\u00e4dar och handdukar. <\/em><\/p>\n\n\n\n<p><strong>Frott\u00e9handdukar<\/strong> &#8211; <em>G\u00e4rna i varierande storlekar. <\/em><\/p>\n\n\n\n<p><strong>Kattl\u00e5dor<\/strong> &#8211; <em>G\u00e4rna olika varianter, storlekar och utf\u00f6randen. <\/em><\/p>\n\n\n\n<p><strong>Transportburar<\/strong> &#8211; <em>G\u00e4rna i olika varianter, storlekar och utf\u00f6randen. <\/em><\/p>\n\n\n\n<p><\/p>\n","protected":false},"excerpt":{"rendered":"<p>F\u00f6reningen Djurskyddet Vilsna Tassar arbetar varje dag f\u00f6r att f\u00e5 in fler katter i verksamheten och f\u00f6r att de ska hitta nya f\u00f6r-alltid-hem. Detta kr\u00e4ver en hel del resurser i m\u00e4nniskokraft, men \u00e4ven f\u00f6rbrukningsmaterial. Nedan finner ni en \u00f6nskelista till b\u00e5de katterna men ocks\u00e5 saker som \u00e4r n\u00f6dv\u00e4ndiga i arbetet med att ta hand om och f\u00e5nga in katter. Fleecepl\u00e4dar (och andra pl\u00e4dar) &#8211; Anv\u00e4nds b\u00e5de i jourhem men ocks\u00e5&hellip;<\/p>\n<p><a class=\"more-link\" href=\"https:\/\/www.djurskyddet.se\/vilsnatassar\/stod-oss\/katternas-onskelista\/\" title=\"Continue reading &lsquo;Katternas \u00f6nskelista&rsquo;\">L&auml;s mer<span class=\"meta-nav\">&raquo;<\/span><\/a><\/p>\n","protected":false},"author":20,"featured_media":5775,"parent":5506,"menu_order":0,"comment_status":"closed","ping_status":"closed","template":"","meta":{"_acf_changed":false,"footnotes":""},"class_list":["post-5873","page","type-page","status-publish","has-post-thumbnail","hentry"],"acf":[],"_links":{"self":[{"href":"https:\/\/www.djurskyddet.se\/vilsnatassar\/wp-json\/wp\/v2\/pages\/5873","targetHints":{"allow":["GET"]}}],"collection":[{"href":"https:\/\/www.djurskyddet.se\/vilsnatassar\/wp-json\/wp\/v2\/pages"}],"about":[{"href":"https:\/\/www.djurskyddet.se\/vilsnatassar\/wp-json\/wp\/v2\/types\/page"}],"author":[{"embeddable":true,"href":"https:\/\/www.djurskyddet.se\/vilsnatassar\/wp-json\/wp\/v2\/users\/20"}],"replies":[{"embeddable":true,"href":"https:\/\/www.djurskyddet.se\/vilsnatassar\/wp-json\/wp\/v2\/comments?post=5873"}],"version-history":[{"count":9,"href":"https:\/\/www.djurskyddet.se\/vilsnatassar\/wp-json\/wp\/v2\/pages\/5873\/revisions"}],"predecessor-version":[{"id":5940,"href":"https:\/\/www.djurskyddet.se\/vilsnatassar\/wp-json\/wp\/v2\/pages\/5873\/revisions\/5940"}],"up":[{"embeddable":true,"href":"https:\/\/www.djurskyddet.se\/vilsnatassar\/wp-json\/wp\/v2\/pages\/5506"}],"wp:featuredmedia":[{"embeddable":true,"href":"https:\/\/www.djurskyddet.se\/vilsnatassar\/wp-json\/wp\/v2\/media\/5775"}],"wp:attachment":[{"href":"https:\/\/www.djurskyddet.se\/vilsnatassar\/wp-json\/wp\/v2\/media?parent=5873"}],"curies":[{"name":"wp","href":"https:\/\/api.w.org\/{rel}","templated":true}]}}