{"id":5995,"date":"2020-07-29T18:11:38","date_gmt":"2020-07-29T18:11:38","guid":{"rendered":"https:\/\/www.djurskyddet.se\/vilsnatassar\/?page_id=5995"},"modified":"2020-07-29T18:24:30","modified_gmt":"2020-07-29T18:24:30","slug":"bli-manadsgivare","status":"publish","type":"page","link":"https:\/\/www.djurskyddet.se\/vilsnatassar\/stod-oss\/bli-manadsgivare\/","title":{"rendered":"Bli m\u00e5nadsgivare"},"content":{"rendered":"\n<p><strong>Vill du st\u00f6tta arbetet f\u00f6r heml\u00f6sa katter varje m\u00e5nad via autogiro? <\/strong><\/p>\n\n\n\n<p>Vi \u00e4r beroende av att privatpersoner st\u00f6ttar oss ekonomiskt f\u00f6r de kostnader vi har. Vanliga utgifter \u00e4r veterin\u00e4rv\u00e5rd, kattmat och kattsand. Genom att bli m\u00e5nadsgivare st\u00f6ttar du oss varje m\u00e5nad ekonomiskt och pengarna g\u00e5r oavkortat till att hj\u00e4lpa heml\u00f6sa katter. <\/p>\n\n\n\n<p>F\u00f6r att st\u00f6dja oss m\u00e5nadsvis beh\u00f6ver vi ett medgivande fr\u00e5n dig avseende autogiro. Du kan enkelt bli m\u00e5nadsgivare genom att fylla i ett digitalt autogiromedgivande med hj\u00e4lp av BankID. Du v\u00e4ljer belopp n\u00e4r du fyller i dina uppgifter. Du hittar l\u00e4nken <a href=\"https:\/\/www.mvh.bgonline.se\/Public.Web\/Templates\/MandateApplications\/FillInMandateApplication.aspx?formRef=265dcabf-a955-4335-b3b5-4efe3f86eaf1&amp;fbclid=IwAR2dWbzSmiK9D-i20mlbRip63rUEP2CgBtHqJGQGHkm7cIqTbNM_F4A_gK8\">h\u00e4r.<\/a> <\/p>\n\n\n\n<p>Om du inte har BankID \u00e4r du v\u00e4lkommen att kontakta oss genom mail <a href=\"mailto:vilsnatassar@djurskyddet.se\">vilsnatassar@djurskyddet.se<\/a> s\u00e5 skickar vi en blankett du kan skriva ut och fylla i. <\/p>\n","protected":false},"excerpt":{"rendered":"<p>Vill du st\u00f6tta arbetet f\u00f6r heml\u00f6sa katter varje m\u00e5nad via autogiro? Vi \u00e4r beroende av att privatpersoner st\u00f6ttar oss ekonomiskt f\u00f6r de kostnader vi har. Vanliga utgifter \u00e4r veterin\u00e4rv\u00e5rd, kattmat och kattsand. Genom att bli m\u00e5nadsgivare st\u00f6ttar du oss varje m\u00e5nad ekonomiskt och pengarna g\u00e5r oavkortat till att hj\u00e4lpa heml\u00f6sa katter. F\u00f6r att st\u00f6dja oss m\u00e5nadsvis beh\u00f6ver vi ett medgivande fr\u00e5n dig avseende autogiro. Du kan enkelt bli m\u00e5nadsgivare genom&hellip;<\/p>\n<p><a class=\"more-link\" href=\"https:\/\/www.djurskyddet.se\/vilsnatassar\/stod-oss\/bli-manadsgivare\/\" title=\"Continue reading &lsquo;Bli m\u00e5nadsgivare&rsquo;\">L&auml;s mer<span class=\"meta-nav\">&raquo;<\/span><\/a><\/p>\n","protected":false},"author":20,"featured_media":0,"parent":5506,"menu_order":0,"comment_status":"closed","ping_status":"closed","template":"","meta":{"_acf_changed":false,"footnotes":""},"class_list":["post-5995","page","type-page","status-publish","hentry"],"acf":[],"_links":{"self":[{"href":"https:\/\/www.djurskyddet.se\/vilsnatassar\/wp-json\/wp\/v2\/pages\/5995","targetHints":{"allow":["GET"]}}],"collection":[{"href":"https:\/\/www.djurskyddet.se\/vilsnatassar\/wp-json\/wp\/v2\/pages"}],"about":[{"href":"https:\/\/www.djurskyddet.se\/vilsnatassar\/wp-json\/wp\/v2\/types\/page"}],"author":[{"embeddable":true,"href":"https:\/\/www.djurskyddet.se\/vilsnatassar\/wp-json\/wp\/v2\/users\/20"}],"replies":[{"embeddable":true,"href":"https:\/\/www.djurskyddet.se\/vilsnatassar\/wp-json\/wp\/v2\/comments?post=5995"}],"version-history":[{"count":11,"href":"https:\/\/www.djurskyddet.se\/vilsnatassar\/wp-json\/wp\/v2\/pages\/5995\/revisions"}],"predecessor-version":[{"id":6009,"href":"https:\/\/www.djurskyddet.se\/vilsnatassar\/wp-json\/wp\/v2\/pages\/5995\/revisions\/6009"}],"up":[{"embeddable":true,"href":"https:\/\/www.djurskyddet.se\/vilsnatassar\/wp-json\/wp\/v2\/pages\/5506"}],"wp:attachment":[{"href":"https:\/\/www.djurskyddet.se\/vilsnatassar\/wp-json\/wp\/v2\/media?parent=5995"}],"curies":[{"name":"wp","href":"https:\/\/api.w.org\/{rel}","templated":true}]}}