{"id":6712,"date":"2024-08-13T16:52:10","date_gmt":"2024-08-13T16:52:10","guid":{"rendered":"https:\/\/www.djurskyddet.se\/vilsnatassar\/?page_id=6712"},"modified":"2024-08-13T17:00:09","modified_gmt":"2024-08-13T17:00:09","slug":"katthemmet","status":"publish","type":"page","link":"https:\/\/www.djurskyddet.se\/vilsnatassar\/om-oss\/katthemmet\/","title":{"rendered":"Katthemmet"},"content":{"rendered":"\n<p>Djurskyddet Vilsna Tassar H\u00e4llefors driver sedan 2022 ett katthem i Grythyttan. P\u00e5 katthemmet finns plats f\u00f6r 15 katter som s\u00f6ker sina f\u00f6r-alltid-hem. Detta inneb\u00e4r att samtliga katter p\u00e5 katthemmet \u00e4r vaccinerade x2, kastrerade, ID-m\u00e4rka och veterin\u00e4rbesiktigade. Vi har tyv\u00e4rr inte \u00f6ppet f\u00f6r allm\u00e4nheten, utan bes\u00f6k p\u00e5 katthemmet beh\u00f6ver f\u00f6reg\u00e5s av en bokad tid.<\/p>\n\n\n\n<p>Katthemmet finns p\u00e5 Pr\u00e4stgatan 17 i Grythyttan och drivs av volont\u00e4rer inom f\u00f6reningen som ser till att alla katter f\u00e5r mat, vatten, l\u00e5dor t\u00f6mda, burar st\u00e4dade, k\u00e4rlek och bus. <\/p>\n\n\n\n<p>Vi s\u00f6ker kontinuerligt nya volont\u00e4rer som vill hj\u00e4lpa oss. \u00c4r du intresserad? L\u00e4s mer och l\u00e4mna en intresseanm\u00e4lan <a href=\"https:\/\/www.djurskyddet.se\/vilsnatassar\/stod-oss\/volontar\/\" data-type=\"link\" data-id=\"https:\/\/www.djurskyddet.se\/vilsnatassar\/stod-oss\/volontar\/\">h\u00e4r<\/a>.<\/p>\n","protected":false},"excerpt":{"rendered":"<p>Djurskyddet Vilsna Tassar H\u00e4llefors driver sedan 2022 ett katthem i Grythyttan. P\u00e5 katthemmet finns plats f\u00f6r 15 katter som s\u00f6ker sina f\u00f6r-alltid-hem. Detta inneb\u00e4r att samtliga katter p\u00e5 katthemmet \u00e4r vaccinerade x2, kastrerade, ID-m\u00e4rka och veterin\u00e4rbesiktigade. Vi har tyv\u00e4rr inte \u00f6ppet f\u00f6r allm\u00e4nheten, utan bes\u00f6k p\u00e5 katthemmet beh\u00f6ver f\u00f6reg\u00e5s av en bokad tid. Katthemmet finns p\u00e5 Pr\u00e4stgatan 17 i Grythyttan och drivs av volont\u00e4rer inom f\u00f6reningen som ser till att&hellip;<\/p>\n<p><a class=\"more-link\" href=\"https:\/\/www.djurskyddet.se\/vilsnatassar\/om-oss\/katthemmet\/\" title=\"Continue reading &lsquo;Katthemmet&rsquo;\">L&auml;s mer<span class=\"meta-nav\">&raquo;<\/span><\/a><\/p>\n","protected":false},"author":20,"featured_media":6718,"parent":5504,"menu_order":-2,"comment_status":"closed","ping_status":"closed","template":"","meta":{"_acf_changed":false,"footnotes":""},"class_list":["post-6712","page","type-page","status-publish","has-post-thumbnail","hentry"],"acf":[],"_links":{"self":[{"href":"https:\/\/www.djurskyddet.se\/vilsnatassar\/wp-json\/wp\/v2\/pages\/6712","targetHints":{"allow":["GET"]}}],"collection":[{"href":"https:\/\/www.djurskyddet.se\/vilsnatassar\/wp-json\/wp\/v2\/pages"}],"about":[{"href":"https:\/\/www.djurskyddet.se\/vilsnatassar\/wp-json\/wp\/v2\/types\/page"}],"author":[{"embeddable":true,"href":"https:\/\/www.djurskyddet.se\/vilsnatassar\/wp-json\/wp\/v2\/users\/20"}],"replies":[{"embeddable":true,"href":"https:\/\/www.djurskyddet.se\/vilsnatassar\/wp-json\/wp\/v2\/comments?post=6712"}],"version-history":[{"count":2,"href":"https:\/\/www.djurskyddet.se\/vilsnatassar\/wp-json\/wp\/v2\/pages\/6712\/revisions"}],"predecessor-version":[{"id":6721,"href":"https:\/\/www.djurskyddet.se\/vilsnatassar\/wp-json\/wp\/v2\/pages\/6712\/revisions\/6721"}],"up":[{"embeddable":true,"href":"https:\/\/www.djurskyddet.se\/vilsnatassar\/wp-json\/wp\/v2\/pages\/5504"}],"wp:featuredmedia":[{"embeddable":true,"href":"https:\/\/www.djurskyddet.se\/vilsnatassar\/wp-json\/wp\/v2\/media\/6718"}],"wp:attachment":[{"href":"https:\/\/www.djurskyddet.se\/vilsnatassar\/wp-json\/wp\/v2\/media?parent=6712"}],"curies":[{"name":"wp","href":"https:\/\/api.w.org\/{rel}","templated":true}]}}